{"id":7,"date":"2023-03-20T06:47:06","date_gmt":"2023-03-20T09:47:06","guid":{"rendered":"http:\/\/localhost\/pnieng\/?page_id=7"},"modified":"2024-04-10T14:53:17","modified_gmt":"2024-04-10T17:53:17","slug":"el-parque","status":"publish","type":"page","link":"https:\/\/pnitatiaia.com.br\/es\/","title":{"rendered":"El Parque"},"content":{"rendered":"\n<div class=\"wp-block-columns is-layout-flex wp-container-core-columns-is-layout-9d6595d7 wp-block-columns-is-layout-flex\">\n<div class=\"wp-block-column is-layout-flow wp-block-column-is-layout-flow\"><div class=\"wp-block-image\">\n<figure class=\"alignleft size-full is-resized\"><img loading=\"lazy\" decoding=\"async\" width=\"736\" height=\"713\" src=\"http:\/\/localhost\/pnieng\/wp-content\/uploads\/2023\/03\/oprq-50.jpg\" alt=\"\" class=\"wp-image-133\" style=\"aspect-ratio:1.0315789473684212;object-fit:cover;width:434px;height:auto\" srcset=\"https:\/\/pnitatiaia.com.br\/es\/wp-content\/uploads\/2023\/03\/oprq-50.jpg 736w, https:\/\/pnitatiaia.com.br\/es\/wp-content\/uploads\/2023\/03\/oprq-50-300x291.jpg 300w\" sizes=\"auto, (max-width: 736px) 100vw, 736px\" \/><figcaption class=\"wp-element-caption\">Pico das Agulhas Negras<\/figcaption><\/figure>\n<\/div><\/div>\n\n\n\n<div class=\"wp-block-column is-layout-flow wp-block-column-is-layout-flow\">\n<p>Creado en 1937, el Parque Nacional de Itatiaia es considerado el primer Parque Nacional de Brasil. Ubicado en Serra da Mantiqueira, el sitio incluye los municipios de Itatiaia y Resende, en el Estado de R\u00edo de Janeiro, as\u00ed como Bocaina de Minas e Itamonte, en el Estado de Minas Gerais.<\/p>\n\n\n\n<p><\/p>\n\n\n\n<p>En su colmo, conocido como Pico das Agulhas Negras, el \u00e1rea tiene una altitud que oscila entre 600 y 2.791 metros, con un relieve formado por monta\u00f1as y varias elevaciones rocosas. En la regi\u00f3n de la Meseta de Itatiaia, o Parte Superior, es posible encontrar campos de gran altitud,<br>adem\u00e1s de los valles suspendidos, donde nacen varios r\u00edos.<\/p>\n\n\n\n<p><\/p>\n\n\n\n<p>Por \u00faltimo, en la Parte Inferior es posible ver una vegetaci\u00f3n impresionante, compuesta por cursos de agua y una serie de espacios donde los visitantes pueden refrescarse.<\/p>\n\n\n\n<p><\/p>\n\n\n\n<p>La infraestructura del Parque Nacional de Itatiaia fue desarrollada para promover la m\u00e1xima seguridad y conveniencia para los turistas durante sus visitas.<\/p>\n<\/div>\n<\/div>\n\n\n\n<div class=\"wp-block-columns is-layout-flex wp-container-core-columns-is-layout-9d6595d7 wp-block-columns-is-layout-flex\">\n<div class=\"wp-block-column is-vertically-aligned-center is-layout-flow wp-block-column-is-layout-flow\">\n<div class=\"wp-block-buttons is-content-justification-center is-layout-flex wp-container-core-buttons-is-layout-16018d1d wp-block-buttons-is-layout-flex\">\n<div class=\"wp-block-button\"><a class=\"wp-block-button__link wp-element-button\" href=\"https:\/\/pnitatiaia.com.br\/wp-content\/uploads\/2023\/04\/mapa-parte-baixa.pdf\" target=\"_blank\" rel=\"noreferrer noopener\">Mapa Parte Inferior<\/a><\/div>\n<\/div>\n<\/div>\n\n\n\n<div class=\"wp-block-column is-vertically-aligned-center is-layout-flow wp-block-column-is-layout-flow\">\n<div class=\"wp-block-buttons is-content-justification-center is-layout-flex wp-container-core-buttons-is-layout-16018d1d wp-block-buttons-is-layout-flex\">\n<div class=\"wp-block-button\"><a class=\"wp-block-button__link has-text-align-center wp-element-button\" href=\"https:\/\/pnitatiaia.com.br\/wp-content\/uploads\/2023\/04\/mapa-parte-alta.pdf\" target=\"_blank\" rel=\"noreferrer noopener\">Mapa Parte Superior<\/a><\/div>\n<\/div>\n<\/div>\n<\/div>\n\n\n\n<h3 class=\"wp-block-heading has-text-align-center\">Conozca los servicios que se ofrecen a quienes visitan el Parque.<\/h3>\n\n\n\n<div style=\"padding-top: 20px\"><\/div>\n\n\n\n<figure class=\"wp-block-image size-large\"><img loading=\"lazy\" decoding=\"async\" width=\"1024\" height=\"374\" src=\"http:\/\/localhost\/pnieng\/wp-content\/uploads\/2023\/03\/infra-50-1024x374.jpg\" alt=\"\" class=\"wp-image-150\" srcset=\"https:\/\/pnitatiaia.com.br\/es\/wp-content\/uploads\/2023\/03\/infra-50-1024x374.jpg 1024w, https:\/\/pnitatiaia.com.br\/es\/wp-content\/uploads\/2023\/03\/infra-50-300x110.jpg 300w, https:\/\/pnitatiaia.com.br\/es\/wp-content\/uploads\/2023\/03\/infra-50-768x280.jpg 768w, https:\/\/pnitatiaia.com.br\/es\/wp-content\/uploads\/2023\/03\/infra-50-1536x561.jpg 1536w, https:\/\/pnitatiaia.com.br\/es\/wp-content\/uploads\/2023\/03\/infra-50.jpg 1542w\" sizes=\"auto, (max-width: 1024px) 100vw, 1024px\" \/><\/figure>\n\n\n\n<h3 class=\"wp-block-heading\">\u2022 Centro de Visitantes<\/h3>\n\n\n\n<p>Un espacio para los visitantes que quieran hacer preguntas y conocer m\u00e1s sobre las rutas, senderos y atracciones, servicios y cuestiones de seguridad para visitar el Parque. El Centro de Visitantes dispone de cafeter\u00eda, una tienda de recuerdos y exposiciones.<\/p>\n\n\n\n<h3 class=\"wp-block-heading\">\u2022 Alimentaci\u00f3n<\/h3>\n\n\n\n<p>Es muy importante comer y mantenerse hidratado para tener energ\u00eda y disposici\u00f3n durante el recorrido.<br>El Parque cuenta en la Parte Inferior con: un restaurante, la Cafeter\u00eda Campo Belo, en el Centro de Visitantes y la Cafeter\u00eda Lago Azul, que venden bebidas y alimentos para el consumo en el lugar y durante el paseo por los senderos o traves\u00edas.<\/p>\n\n\n\n<h3 class=\"wp-block-heading\">\u2022 Estacionamiento<\/h3>\n\n\n\n<p>Hay espacio disponible para coches, motos, furgonetas, minibuses y autobuses, seg\u00fan la lista de precios de cada categor\u00eda.<\/p>\n\n\n\n<h3 class=\"wp-block-heading\">\u2022 Gu\u00edas<\/h3>\n\n\n\n<p>El Parque Nacional de Itatiaia cuenta con una lista de gu\u00edas autorizados, responsables de asistir a los turistas y garantizar la mejor experiencia durante la visita.<br>Entre sus funciones destacamos: velar por la seguridad, ofrecer informaci\u00f3n y orientar a las personas sobre las mejores pr\u00e1cticas en el local.<br>Contratar un gu\u00eda no es obligatorio, pero s\u00ed lo recomienda nuestro equipo.<\/p>\n\n\n\n<!-- Large modal -->\n<br>\n<div class=\"wp-block-buttons is-layout-flex wp-block-buttons-is-layout-flex\"><div class=\"wp-block-button\"><a class=\"wp-block-button__link wp-element-button\" data-toggle=\"modal\" data-target=\".mod-veja\">Gu\u00edas<\/a><\/div><\/div>\n\n<div class=\"modal fade mod-veja\" tabindex=\"999\" role=\"dialog\" aria-labelledby=\"mod-veja\">\n  <div class=\"modal-dialog modal-lg\" role=\"document\">\n    <div class=\"modal-content\">\n<!--PARA SUBSTITUIR A RELA\u00c7\u00c3O DE CONDUTORES, SALVE EM IMAGEM E SUBSTITUA O ENDERE\u00c7O DA IMAGEM ABAIXO -->\n<img decoding=\"async\" src=\"https:\/\/pnitatiaia.com.br\/wp-content\/uploads\/2024\/04\/CONDUTORES-DE-VISITANTES-2024_page-0001-scaled.jpg\" class=\"img-responsive\">\n\n\n    <\/div>\n  <\/div>\n<\/div>\n","protected":false},"excerpt":{"rendered":"<p>Pico das Agulhas Negras<\/p>\n<p>Creado en 1937, el Parque Nacional de &#8230;<\/p>\n","protected":false},"author":1,"featured_media":0,"parent":0,"menu_order":0,"comment_status":"closed","ping_status":"closed","template":"","meta":{"_acf_changed":false,"footnotes":""},"class_list":["post-7","page","type-page","status-publish","hentry"],"acf":[],"yoast_head":"<!-- This site is optimized with the Yoast SEO plugin v22.4 - https:\/\/yoast.com\/wordpress\/plugins\/seo\/ -->\n<title>El Parque - Parque National Itatiaia<\/title>\n<meta name=\"robots\" content=\"index, follow, max-snippet:-1, max-image-preview:large, max-video-preview:-1\" \/>\n<link rel=\"canonical\" href=\"https:\/\/pnitatiaia.com.br\/es\/\" \/>\n<meta property=\"og:locale\" content=\"pt_BR\" \/>\n<meta property=\"og:type\" content=\"article\" \/>\n<meta property=\"og:title\" content=\"El Parque - Parque National Itatiaia\" \/>\n<meta property=\"og:description\" content=\"Pico das Agulhas Negras   Creado en 1937, el Parque Nacional de ...\" \/>\n<meta property=\"og:url\" content=\"https:\/\/pnitatiaia.com.br\/es\/\" \/>\n<meta property=\"og:site_name\" content=\"Parque National Itatiaia\" \/>\n<meta property=\"article:publisher\" content=\"https:\/\/www.facebook.com\/parnaitatiaia\" \/>\n<meta property=\"article:modified_time\" content=\"2024-04-10T17:53:17+00:00\" \/>\n<meta property=\"og:image\" content=\"http:\/\/localhost\/pnieng\/wp-content\/uploads\/2023\/03\/oprq-50.jpg\" \/>\n<meta name=\"twitter:card\" content=\"summary_large_image\" \/>\n<meta name=\"twitter:label1\" content=\"Est. tempo de leitura\" \/>\n\t<meta name=\"twitter:data1\" content=\"3 minutos\" \/>\n<script type=\"application\/ld+json\" class=\"yoast-schema-graph\">{\"@context\":\"https:\/\/schema.org\",\"@graph\":[{\"@type\":\"WebPage\",\"@id\":\"https:\/\/pnitatiaia.com.br\/es\/\",\"url\":\"https:\/\/pnitatiaia.com.br\/es\/\",\"name\":\"El Parque - Parque National Itatiaia\",\"isPartOf\":{\"@id\":\"https:\/\/pnitatiaia.com.br\/es\/#website\"},\"primaryImageOfPage\":{\"@id\":\"https:\/\/pnitatiaia.com.br\/es\/#primaryimage\"},\"image\":{\"@id\":\"https:\/\/pnitatiaia.com.br\/es\/#primaryimage\"},\"thumbnailUrl\":\"http:\/\/localhost\/pnieng\/wp-content\/uploads\/2023\/03\/oprq-50.jpg\",\"datePublished\":\"2023-03-20T09:47:06+00:00\",\"dateModified\":\"2024-04-10T17:53:17+00:00\",\"breadcrumb\":{\"@id\":\"https:\/\/pnitatiaia.com.br\/es\/#breadcrumb\"},\"inLanguage\":\"pt-BR\",\"potentialAction\":[{\"@type\":\"ReadAction\",\"target\":[\"https:\/\/pnitatiaia.com.br\/es\/\"]}]},{\"@type\":\"ImageObject\",\"inLanguage\":\"pt-BR\",\"@id\":\"https:\/\/pnitatiaia.com.br\/es\/#primaryimage\",\"url\":\"http:\/\/localhost\/pnieng\/wp-content\/uploads\/2023\/03\/oprq-50.jpg\",\"contentUrl\":\"http:\/\/localhost\/pnieng\/wp-content\/uploads\/2023\/03\/oprq-50.jpg\"},{\"@type\":\"BreadcrumbList\",\"@id\":\"https:\/\/pnitatiaia.com.br\/es\/#breadcrumb\",\"itemListElement\":[{\"@type\":\"ListItem\",\"position\":1,\"name\":\"In\u00edcio\",\"item\":\"https:\/\/pnitatiaia.com.br\/es\/\"},{\"@type\":\"ListItem\",\"position\":2,\"name\":\"El Parque\"}]},{\"@type\":\"WebSite\",\"@id\":\"https:\/\/pnitatiaia.com.br\/es\/#website\",\"url\":\"https:\/\/pnitatiaia.com.br\/es\/\",\"name\":\"Parque National Itatiaia\",\"description\":\"\",\"publisher\":{\"@id\":\"https:\/\/pnitatiaia.com.br\/es\/#organization\"},\"potentialAction\":[{\"@type\":\"SearchAction\",\"target\":{\"@type\":\"EntryPoint\",\"urlTemplate\":\"https:\/\/pnitatiaia.com.br\/es\/?s={search_term_string}\"},\"query-input\":\"required name=search_term_string\"}],\"inLanguage\":\"pt-BR\"},{\"@type\":\"Organization\",\"@id\":\"https:\/\/pnitatiaia.com.br\/es\/#organization\",\"name\":\"Parque National Itatiaia\",\"url\":\"https:\/\/pnitatiaia.com.br\/es\/\",\"logo\":{\"@type\":\"ImageObject\",\"inLanguage\":\"pt-BR\",\"@id\":\"https:\/\/pnitatiaia.com.br\/es\/#\/schema\/logo\/image\/\",\"url\":\"http:\/\/localhost\/pnieng\/wp-content\/uploads\/2023\/04\/Ativo-7-1024x406.png\",\"contentUrl\":\"http:\/\/localhost\/pnieng\/wp-content\/uploads\/2023\/04\/Ativo-7-1024x406.png\",\"width\":1024,\"height\":406,\"caption\":\"Parque National Itatiaia\"},\"image\":{\"@id\":\"https:\/\/pnitatiaia.com.br\/es\/#\/schema\/logo\/image\/\"},\"sameAs\":[\"https:\/\/www.facebook.com\/parnaitatiaia\"]}]}<\/script>\n<!-- \/ Yoast SEO plugin. -->","yoast_head_json":{"title":"El Parque - Parque National Itatiaia","robots":{"index":"index","follow":"follow","max-snippet":"max-snippet:-1","max-image-preview":"max-image-preview:large","max-video-preview":"max-video-preview:-1"},"canonical":"https:\/\/pnitatiaia.com.br\/es\/","og_locale":"pt_BR","og_type":"article","og_title":"El Parque - Parque National Itatiaia","og_description":"Pico das Agulhas Negras   Creado en 1937, el Parque Nacional de ...","og_url":"https:\/\/pnitatiaia.com.br\/es\/","og_site_name":"Parque National Itatiaia","article_publisher":"https:\/\/www.facebook.com\/parnaitatiaia","article_modified_time":"2024-04-10T17:53:17+00:00","og_image":[{"url":"http:\/\/localhost\/pnieng\/wp-content\/uploads\/2023\/03\/oprq-50.jpg"}],"twitter_card":"summary_large_image","twitter_misc":{"Est. tempo de leitura":"3 minutos"},"schema":{"@context":"https:\/\/schema.org","@graph":[{"@type":"WebPage","@id":"https:\/\/pnitatiaia.com.br\/es\/","url":"https:\/\/pnitatiaia.com.br\/es\/","name":"El Parque - Parque National Itatiaia","isPartOf":{"@id":"https:\/\/pnitatiaia.com.br\/es\/#website"},"primaryImageOfPage":{"@id":"https:\/\/pnitatiaia.com.br\/es\/#primaryimage"},"image":{"@id":"https:\/\/pnitatiaia.com.br\/es\/#primaryimage"},"thumbnailUrl":"http:\/\/localhost\/pnieng\/wp-content\/uploads\/2023\/03\/oprq-50.jpg","datePublished":"2023-03-20T09:47:06+00:00","dateModified":"2024-04-10T17:53:17+00:00","breadcrumb":{"@id":"https:\/\/pnitatiaia.com.br\/es\/#breadcrumb"},"inLanguage":"pt-BR","potentialAction":[{"@type":"ReadAction","target":["https:\/\/pnitatiaia.com.br\/es\/"]}]},{"@type":"ImageObject","inLanguage":"pt-BR","@id":"https:\/\/pnitatiaia.com.br\/es\/#primaryimage","url":"http:\/\/localhost\/pnieng\/wp-content\/uploads\/2023\/03\/oprq-50.jpg","contentUrl":"http:\/\/localhost\/pnieng\/wp-content\/uploads\/2023\/03\/oprq-50.jpg"},{"@type":"BreadcrumbList","@id":"https:\/\/pnitatiaia.com.br\/es\/#breadcrumb","itemListElement":[{"@type":"ListItem","position":1,"name":"In\u00edcio","item":"https:\/\/pnitatiaia.com.br\/es\/"},{"@type":"ListItem","position":2,"name":"El Parque"}]},{"@type":"WebSite","@id":"https:\/\/pnitatiaia.com.br\/es\/#website","url":"https:\/\/pnitatiaia.com.br\/es\/","name":"Parque National Itatiaia","description":"","publisher":{"@id":"https:\/\/pnitatiaia.com.br\/es\/#organization"},"potentialAction":[{"@type":"SearchAction","target":{"@type":"EntryPoint","urlTemplate":"https:\/\/pnitatiaia.com.br\/es\/?s={search_term_string}"},"query-input":"required name=search_term_string"}],"inLanguage":"pt-BR"},{"@type":"Organization","@id":"https:\/\/pnitatiaia.com.br\/es\/#organization","name":"Parque National Itatiaia","url":"https:\/\/pnitatiaia.com.br\/es\/","logo":{"@type":"ImageObject","inLanguage":"pt-BR","@id":"https:\/\/pnitatiaia.com.br\/es\/#\/schema\/logo\/image\/","url":"http:\/\/localhost\/pnieng\/wp-content\/uploads\/2023\/04\/Ativo-7-1024x406.png","contentUrl":"http:\/\/localhost\/pnieng\/wp-content\/uploads\/2023\/04\/Ativo-7-1024x406.png","width":1024,"height":406,"caption":"Parque National Itatiaia"},"image":{"@id":"https:\/\/pnitatiaia.com.br\/es\/#\/schema\/logo\/image\/"},"sameAs":["https:\/\/www.facebook.com\/parnaitatiaia"]}]}},"_links":{"self":[{"href":"https:\/\/pnitatiaia.com.br\/es\/wp-json\/wp\/v2\/pages\/7","targetHints":{"allow":["GET"]}}],"collection":[{"href":"https:\/\/pnitatiaia.com.br\/es\/wp-json\/wp\/v2\/pages"}],"about":[{"href":"https:\/\/pnitatiaia.com.br\/es\/wp-json\/wp\/v2\/types\/page"}],"author":[{"embeddable":true,"href":"https:\/\/pnitatiaia.com.br\/es\/wp-json\/wp\/v2\/users\/1"}],"replies":[{"embeddable":true,"href":"https:\/\/pnitatiaia.com.br\/es\/wp-json\/wp\/v2\/comments?post=7"}],"version-history":[{"count":61,"href":"https:\/\/pnitatiaia.com.br\/es\/wp-json\/wp\/v2\/pages\/7\/revisions"}],"predecessor-version":[{"id":776,"href":"https:\/\/pnitatiaia.com.br\/es\/wp-json\/wp\/v2\/pages\/7\/revisions\/776"}],"wp:attachment":[{"href":"https:\/\/pnitatiaia.com.br\/es\/wp-json\/wp\/v2\/media?parent=7"}],"curies":[{"name":"wp","href":"https:\/\/api.w.org\/{rel}","templated":true}]}}