{"id":7,"date":"2023-03-20T06:47:06","date_gmt":"2023-03-20T09:47:06","guid":{"rendered":"https:\/\/pnitatiaia.com.br\/en\/?page_id=7"},"modified":"2024-04-10T14:52:37","modified_gmt":"2024-04-10T17:52:37","slug":"the-park","status":"publish","type":"page","link":"https:\/\/pnitatiaia.com.br\/en\/","title":{"rendered":"The Park"},"content":{"rendered":"\n<div class=\"wp-block-columns is-layout-flex wp-container-core-columns-is-layout-9d6595d7 wp-block-columns-is-layout-flex\">\n<div class=\"wp-block-column is-layout-flow wp-block-column-is-layout-flow\"><div class=\"wp-block-image\">\n<figure class=\"alignleft size-full is-resized\"><img loading=\"lazy\" decoding=\"async\" width=\"736\" height=\"713\" src=\"https:\/\/pnitatiaia.com.br\/en\/wp-content\/uploads\/2023\/03\/oprq-50.jpg\" alt=\"\" class=\"wp-image-133\" style=\"aspect-ratio:1.0315789473684212;object-fit:cover;width:444px;height:auto\" srcset=\"https:\/\/pnitatiaia.com.br\/en\/wp-content\/uploads\/2023\/03\/oprq-50.jpg 736w, https:\/\/pnitatiaia.com.br\/en\/wp-content\/uploads\/2023\/03\/oprq-50-300x291.jpg 300w\" sizes=\"auto, (max-width: 736px) 100vw, 736px\" \/><figcaption class=\"wp-element-caption\">Pico das Agulhas Negras<\/figcaption><\/figure>\n<\/div><\/div>\n\n\n\n<div class=\"wp-block-column is-layout-flow wp-block-column-is-layout-flow\">\n<p>Created in 1937, the Itatiaia National Park is considered the 1st National Park of Brazil. Located in the Serra da Mantiqueira, the site includes the municipalities of Itatiaia and Resende in the State of Rio de Janeiro, as well as Bocaina de Minas and Itamonte in the State of Minas Gerais.<\/p>\n\n\n\n<p><\/p>\n\n\n\n<p><br>At its peak, Pico das Agulhas Negras, the area ranges between 600 and 2,791 meters, with a relief formed by mountains and several rocky elevations. In the region of the Itatiaia Plateau, or Upper Part, it is possible to find high-altitude fields, in addition to the suspended valleys, where many rivers begin.<\/p>\n\n\n\n<p><\/p>\n\n\n\n<p><br>Finally, in the Lower Part, it is possible to see impressive vegetation composed of waterways and a series of spaces where visitors can cool themselves off.<\/p>\n\n\n\n<p><br>We developed the infrastructure of the Itatiaia National Park to promote maximum safety and convenience to tourists during their visits.<\/p>\n<\/div>\n<\/div>\n\n\n\n<div class=\"wp-block-columns is-layout-flex wp-container-core-columns-is-layout-9d6595d7 wp-block-columns-is-layout-flex\">\n<div class=\"wp-block-column is-vertically-aligned-center is-layout-flow wp-block-column-is-layout-flow\">\n<div class=\"wp-block-buttons is-content-justification-center is-layout-flex wp-container-core-buttons-is-layout-16018d1d wp-block-buttons-is-layout-flex\">\n<div class=\"wp-block-button\"><a class=\"wp-block-button__link wp-element-button\" href=\"https:\/\/pnitatiaia.com.br\/wp-content\/uploads\/2023\/04\/mapa-parte-baixa.pdf\" target=\"_blank\" rel=\"noreferrer noopener\">Lower Part Map<\/a><\/div>\n<\/div>\n<\/div>\n\n\n\n<div class=\"wp-block-column is-vertically-aligned-center is-layout-flow wp-block-column-is-layout-flow\">\n<div class=\"wp-block-buttons is-content-justification-center is-layout-flex wp-container-core-buttons-is-layout-16018d1d wp-block-buttons-is-layout-flex\">\n<div class=\"wp-block-button\"><a class=\"wp-block-button__link has-text-align-center wp-element-button\" href=\"https:\/\/pnitatiaia.com.br\/wp-content\/uploads\/2023\/04\/mapa-parte-alta.pdf\" target=\"_blank\" rel=\"noreferrer noopener\">Upper Part Map<\/a><\/div>\n<\/div>\n<\/div>\n<\/div>\n\n\n\n<h3 class=\"wp-block-heading has-text-align-center\"><strong>Learn more about the services offered to our visitors.<\/strong><\/h3>\n\n\n\n<!-- Large modal\n<center><a type=\"button\" class=\"btw\" data-toggle=\"modal\" data-target=\".mod-como-chegar\"><img decoding=\"async\" src=\"https:\/\/pnitatiaia.com.br\/en\/wp-content\/uploads\/2023\/03\/bt-como-e1679329224866.png\"><\/a><\/center>\n-->\n<div class=\"modal fade mod-como-chegar\" tabindex=\"999\" role=\"dialog\" aria-labelledby=\"mod-como-chegar\">\n  <div class=\"modal-dialog modal-lg\" role=\"document\">\n    <div class=\"modal-content\"><div class=\"row\">\n<div class=\"col-md-6 hidden-xs\"><br><br>\n<img decoding=\"async\" src=\"https:\/\/pnitatiaia.com.br\/en\/wp-content\/uploads\/2023\/03\/mapa-como-chegar.png\" class=\"img-responsive\">\n<\/div>\n<div class=\"col-md-6\">\n    <h3>Como Chegar?<\/h3>\n<img decoding=\"async\" src=\"https:\/\/pnitatiaia.com.br\/en\/wp-content\/uploads\/2023\/03\/mapa-como-chegar.png\" class=\"img-responsive visible-xs\">\n<p>Do <b>Rio de Janeiro ou S\u00e3o Paulo<\/b>, o visitante deve seguir pela Rodovia Presidente Dutra (BR &#8211; 116) at\u00e9 Itatiaia (sa\u00edda 318). Continuar por mais 5,5km pela BR &#8211; 485 at\u00e9 a portaria da <b>Parte Baixa<\/b>. Para a <b>Parte Alta ou Planalto<\/b>, utilizar a sa\u00edda da Rodovia Presidente Dutra em Engenheiro Passos (sa\u00edda 330 A), seguindo por mais 26km pela BR &#8211; 354 at\u00e9 a Garganta do Registro (divisa Minas Gerais &#8211; Rio de Janeiro). Ap\u00f3s esse acesso s\u00e3o mais 14km de estrada de terra, pela Rodovia das Flores, at\u00e9 o Posto Marc\u00e3o, que d\u00e1 acesso aos principais atrativos da <b>Parte Alta ou Planalto<\/b>.<\/p>\n\n<p>De <b>Belo Horizonte<\/b>, utilize a Rodovia Fern\u00e3o Dias e a BR-381, passando por Caxambu e seguindo pela BR-354 at\u00e9 a Garganta do Registro para a <b>Parte Alta ou Planalto<\/b>. Para a <b>Parte Baixa<\/b>, siga pela Rodovia Presidente Dutra.<\/p>\n<\/div><\/div>\n\n    <\/div>\n  <\/div>\n<\/div>\n\n\n\n<figure class=\"wp-block-image size-large\"><img loading=\"lazy\" decoding=\"async\" width=\"1024\" height=\"374\" src=\"https:\/\/pnitatiaia.com.br\/en\/wp-content\/uploads\/2023\/03\/infra-50-1024x374.jpg\" alt=\"\" class=\"wp-image-150\" srcset=\"https:\/\/pnitatiaia.com.br\/en\/wp-content\/uploads\/2023\/03\/infra-50-1024x374.jpg 1024w, https:\/\/pnitatiaia.com.br\/en\/wp-content\/uploads\/2023\/03\/infra-50-300x110.jpg 300w, https:\/\/pnitatiaia.com.br\/en\/wp-content\/uploads\/2023\/03\/infra-50-768x280.jpg 768w, https:\/\/pnitatiaia.com.br\/en\/wp-content\/uploads\/2023\/03\/infra-50-1536x561.jpg 1536w, https:\/\/pnitatiaia.com.br\/en\/wp-content\/uploads\/2023\/03\/infra-50.jpg 1542w\" sizes=\"auto, (max-width: 1024px) 100vw, 1024px\" \/><\/figure>\n\n\n\n<div style=\"padding-top:30px\"><\/div>\n\n\n\n<h3 class=\"wp-block-heading\">\u2022 Visitor&#8217;s Center<\/h3>\n\n\n\n<p>It&#8217;s a space for visitors who want to ask questions and learn more about the routes, trails, attractions, services, and security issues while visiting the park. The Visitor&#8217;s Center has a snack bar, souvenir shop, and exhibitions.<\/p>\n\n\n\n<h3 class=\"wp-block-heading\">\u2022 Food &amp; Beverage<\/h3>\n\n\n\n<p>To ensure energy and stamina during the tour, it is vital to eat and hydrate as well.<br>The park has in the Lower Part a restaurant, the Cafeteria Campo Belo, the Visitor Center, and the Lago Azul Cafeteria, which sells drinks and food for consumption on-site and during the walk along the trails and crossings.<\/p>\n\n\n\n<h3 class=\"wp-block-heading\">\u2022 Parking<\/h3>\n\n\n\n<p>Space is available for passenger vehicles, motorcycles, vans, minibuses, and buses, according to the price list for each category.<\/p>\n\n\n\n<h3 class=\"wp-block-heading\">\u2022 Guides<\/h3>\n\n\n\n<p>Itatiaia Nacional Park has a list of authorized guides, who are responsible for assisting tourists and ensuring the best experience during their visit.<br>Among their functions, we highlight: to ensure safety, to provide information, and to guide people about the best practices on site.<br>Hiring a guide is not mandatory but is recommended by our team.<\/p>\n\n\n\n<!-- Large modal -->\n<br>\n<div class=\"wp-block-buttons is-layout-flex wp-block-buttons-is-layout-flex\"><div class=\"wp-block-button\"><a class=\"wp-block-button__link wp-element-button\" data-toggle=\"modal\" data-target=\".mod-veja\">Guides<\/a><\/div><\/div>\n\n<div class=\"modal fade mod-veja\" tabindex=\"999\" role=\"dialog\" aria-labelledby=\"mod-veja\">\n  <div class=\"modal-dialog modal-lg\" role=\"document\">\n    <div class=\"modal-content\">\n<!--PARA SUBSTITUIR A RELA\u00c7\u00c3O DE CONDUTORES, SALVE EM IMAGEM E SUBSTITUA O ENDERE\u00c7O DA IMAGEM ABAIXO -->\n<img decoding=\"async\" src=\"https:\/\/pnitatiaia.com.br\/wp-content\/uploads\/2024\/04\/CONDUTORES-DE-VISITANTES-2024_page-0001-scaled.jpg\" class=\"img-responsive\">\n\n\n    <\/div>\n  <\/div>\n<\/div>\n","protected":false},"excerpt":{"rendered":"<p>Pico das Agulhas Negras<\/p>\n<p>Created in 1937, the Itatiaia National Park &#8230;<\/p>\n","protected":false},"author":1,"featured_media":0,"parent":0,"menu_order":0,"comment_status":"closed","ping_status":"closed","template":"","meta":{"_acf_changed":false,"footnotes":""},"class_list":["post-7","page","type-page","status-publish","hentry"],"acf":[],"yoast_head":"<!-- This site is optimized with the Yoast SEO plugin v22.4 - https:\/\/yoast.com\/wordpress\/plugins\/seo\/ -->\n<title>The Park - Itatiaia National Park<\/title>\n<meta name=\"robots\" content=\"index, follow, max-snippet:-1, max-image-preview:large, max-video-preview:-1\" \/>\n<link rel=\"canonical\" href=\"https:\/\/pnitatiaia.com.br\/en\/\" \/>\n<meta property=\"og:locale\" content=\"pt_BR\" \/>\n<meta property=\"og:type\" content=\"article\" \/>\n<meta property=\"og:title\" content=\"The Park - Itatiaia National Park\" \/>\n<meta property=\"og:description\" content=\"Pico das Agulhas Negras   Created in 1937, the Itatiaia National Park ...\" \/>\n<meta property=\"og:url\" content=\"https:\/\/pnitatiaia.com.br\/en\/\" \/>\n<meta property=\"og:site_name\" content=\"Itatiaia National Park\" \/>\n<meta property=\"article:publisher\" content=\"https:\/\/www.facebook.com\/parnaitatiaia\" \/>\n<meta property=\"article:modified_time\" content=\"2024-04-10T17:52:37+00:00\" \/>\n<meta property=\"og:image\" content=\"https:\/\/pnitatiaia.com.br\/en\/wp-content\/uploads\/2023\/03\/oprq-50.jpg\" \/>\n<meta name=\"twitter:card\" content=\"summary_large_image\" \/>\n<meta name=\"twitter:label1\" content=\"Est. tempo de leitura\" \/>\n\t<meta name=\"twitter:data1\" content=\"4 minutos\" \/>\n<script type=\"application\/ld+json\" class=\"yoast-schema-graph\">{\"@context\":\"https:\/\/schema.org\",\"@graph\":[{\"@type\":\"WebPage\",\"@id\":\"https:\/\/pnitatiaia.com.br\/en\/\",\"url\":\"https:\/\/pnitatiaia.com.br\/en\/\",\"name\":\"The Park - Itatiaia National Park\",\"isPartOf\":{\"@id\":\"https:\/\/pnitatiaia.com.br\/en\/#website\"},\"primaryImageOfPage\":{\"@id\":\"https:\/\/pnitatiaia.com.br\/en\/#primaryimage\"},\"image\":{\"@id\":\"https:\/\/pnitatiaia.com.br\/en\/#primaryimage\"},\"thumbnailUrl\":\"https:\/\/pnitatiaia.com.br\/en\/wp-content\/uploads\/2023\/03\/oprq-50.jpg\",\"datePublished\":\"2023-03-20T09:47:06+00:00\",\"dateModified\":\"2024-04-10T17:52:37+00:00\",\"breadcrumb\":{\"@id\":\"https:\/\/pnitatiaia.com.br\/en\/#breadcrumb\"},\"inLanguage\":\"pt-BR\",\"potentialAction\":[{\"@type\":\"ReadAction\",\"target\":[\"https:\/\/pnitatiaia.com.br\/en\/\"]}]},{\"@type\":\"ImageObject\",\"inLanguage\":\"pt-BR\",\"@id\":\"https:\/\/pnitatiaia.com.br\/en\/#primaryimage\",\"url\":\"https:\/\/pnitatiaia.com.br\/en\/wp-content\/uploads\/2023\/03\/oprq-50.jpg\",\"contentUrl\":\"https:\/\/pnitatiaia.com.br\/en\/wp-content\/uploads\/2023\/03\/oprq-50.jpg\",\"width\":736,\"height\":713},{\"@type\":\"BreadcrumbList\",\"@id\":\"https:\/\/pnitatiaia.com.br\/en\/#breadcrumb\",\"itemListElement\":[{\"@type\":\"ListItem\",\"position\":1,\"name\":\"In\u00edcio\",\"item\":\"https:\/\/pnitatiaia.com.br\/en\/\"},{\"@type\":\"ListItem\",\"position\":2,\"name\":\"The Park\"}]},{\"@type\":\"WebSite\",\"@id\":\"https:\/\/pnitatiaia.com.br\/en\/#website\",\"url\":\"https:\/\/pnitatiaia.com.br\/en\/\",\"name\":\"Itatiaia National Park\",\"description\":\"\",\"publisher\":{\"@id\":\"https:\/\/pnitatiaia.com.br\/en\/#organization\"},\"potentialAction\":[{\"@type\":\"SearchAction\",\"target\":{\"@type\":\"EntryPoint\",\"urlTemplate\":\"https:\/\/pnitatiaia.com.br\/en\/?s={search_term_string}\"},\"query-input\":\"required name=search_term_string\"}],\"inLanguage\":\"pt-BR\"},{\"@type\":\"Organization\",\"@id\":\"https:\/\/pnitatiaia.com.br\/en\/#organization\",\"name\":\"Itatiaia National Park\",\"url\":\"https:\/\/pnitatiaia.com.br\/en\/\",\"logo\":{\"@type\":\"ImageObject\",\"inLanguage\":\"pt-BR\",\"@id\":\"https:\/\/pnitatiaia.com.br\/en\/#\/schema\/logo\/image\/\",\"url\":\"https:\/\/pnitatiaia.com.br\/en\/wp-content\/uploads\/2023\/04\/Ativo-7-1024x406.png\",\"contentUrl\":\"https:\/\/pnitatiaia.com.br\/en\/wp-content\/uploads\/2023\/04\/Ativo-7-1024x406.png\",\"width\":1024,\"height\":406,\"caption\":\"Itatiaia National Park\"},\"image\":{\"@id\":\"https:\/\/pnitatiaia.com.br\/en\/#\/schema\/logo\/image\/\"},\"sameAs\":[\"https:\/\/www.facebook.com\/parnaitatiaia\"]}]}<\/script>\n<!-- \/ Yoast SEO plugin. -->","yoast_head_json":{"title":"The Park - Itatiaia National Park","robots":{"index":"index","follow":"follow","max-snippet":"max-snippet:-1","max-image-preview":"max-image-preview:large","max-video-preview":"max-video-preview:-1"},"canonical":"https:\/\/pnitatiaia.com.br\/en\/","og_locale":"pt_BR","og_type":"article","og_title":"The Park - Itatiaia National Park","og_description":"Pico das Agulhas Negras   Created in 1937, the Itatiaia National Park ...","og_url":"https:\/\/pnitatiaia.com.br\/en\/","og_site_name":"Itatiaia National Park","article_publisher":"https:\/\/www.facebook.com\/parnaitatiaia","article_modified_time":"2024-04-10T17:52:37+00:00","og_image":[{"url":"https:\/\/pnitatiaia.com.br\/en\/wp-content\/uploads\/2023\/03\/oprq-50.jpg"}],"twitter_card":"summary_large_image","twitter_misc":{"Est. tempo de leitura":"4 minutos"},"schema":{"@context":"https:\/\/schema.org","@graph":[{"@type":"WebPage","@id":"https:\/\/pnitatiaia.com.br\/en\/","url":"https:\/\/pnitatiaia.com.br\/en\/","name":"The Park - Itatiaia National Park","isPartOf":{"@id":"https:\/\/pnitatiaia.com.br\/en\/#website"},"primaryImageOfPage":{"@id":"https:\/\/pnitatiaia.com.br\/en\/#primaryimage"},"image":{"@id":"https:\/\/pnitatiaia.com.br\/en\/#primaryimage"},"thumbnailUrl":"https:\/\/pnitatiaia.com.br\/en\/wp-content\/uploads\/2023\/03\/oprq-50.jpg","datePublished":"2023-03-20T09:47:06+00:00","dateModified":"2024-04-10T17:52:37+00:00","breadcrumb":{"@id":"https:\/\/pnitatiaia.com.br\/en\/#breadcrumb"},"inLanguage":"pt-BR","potentialAction":[{"@type":"ReadAction","target":["https:\/\/pnitatiaia.com.br\/en\/"]}]},{"@type":"ImageObject","inLanguage":"pt-BR","@id":"https:\/\/pnitatiaia.com.br\/en\/#primaryimage","url":"https:\/\/pnitatiaia.com.br\/en\/wp-content\/uploads\/2023\/03\/oprq-50.jpg","contentUrl":"https:\/\/pnitatiaia.com.br\/en\/wp-content\/uploads\/2023\/03\/oprq-50.jpg","width":736,"height":713},{"@type":"BreadcrumbList","@id":"https:\/\/pnitatiaia.com.br\/en\/#breadcrumb","itemListElement":[{"@type":"ListItem","position":1,"name":"In\u00edcio","item":"https:\/\/pnitatiaia.com.br\/en\/"},{"@type":"ListItem","position":2,"name":"The Park"}]},{"@type":"WebSite","@id":"https:\/\/pnitatiaia.com.br\/en\/#website","url":"https:\/\/pnitatiaia.com.br\/en\/","name":"Itatiaia National Park","description":"","publisher":{"@id":"https:\/\/pnitatiaia.com.br\/en\/#organization"},"potentialAction":[{"@type":"SearchAction","target":{"@type":"EntryPoint","urlTemplate":"https:\/\/pnitatiaia.com.br\/en\/?s={search_term_string}"},"query-input":"required name=search_term_string"}],"inLanguage":"pt-BR"},{"@type":"Organization","@id":"https:\/\/pnitatiaia.com.br\/en\/#organization","name":"Itatiaia National Park","url":"https:\/\/pnitatiaia.com.br\/en\/","logo":{"@type":"ImageObject","inLanguage":"pt-BR","@id":"https:\/\/pnitatiaia.com.br\/en\/#\/schema\/logo\/image\/","url":"https:\/\/pnitatiaia.com.br\/en\/wp-content\/uploads\/2023\/04\/Ativo-7-1024x406.png","contentUrl":"https:\/\/pnitatiaia.com.br\/en\/wp-content\/uploads\/2023\/04\/Ativo-7-1024x406.png","width":1024,"height":406,"caption":"Itatiaia National Park"},"image":{"@id":"https:\/\/pnitatiaia.com.br\/en\/#\/schema\/logo\/image\/"},"sameAs":["https:\/\/www.facebook.com\/parnaitatiaia"]}]}},"_links":{"self":[{"href":"https:\/\/pnitatiaia.com.br\/en\/wp-json\/wp\/v2\/pages\/7","targetHints":{"allow":["GET"]}}],"collection":[{"href":"https:\/\/pnitatiaia.com.br\/en\/wp-json\/wp\/v2\/pages"}],"about":[{"href":"https:\/\/pnitatiaia.com.br\/en\/wp-json\/wp\/v2\/types\/page"}],"author":[{"embeddable":true,"href":"https:\/\/pnitatiaia.com.br\/en\/wp-json\/wp\/v2\/users\/1"}],"replies":[{"embeddable":true,"href":"https:\/\/pnitatiaia.com.br\/en\/wp-json\/wp\/v2\/comments?post=7"}],"version-history":[{"count":66,"href":"https:\/\/pnitatiaia.com.br\/en\/wp-json\/wp\/v2\/pages\/7\/revisions"}],"predecessor-version":[{"id":781,"href":"https:\/\/pnitatiaia.com.br\/en\/wp-json\/wp\/v2\/pages\/7\/revisions\/781"}],"wp:attachment":[{"href":"https:\/\/pnitatiaia.com.br\/en\/wp-json\/wp\/v2\/media?parent=7"}],"curies":[{"name":"wp","href":"https:\/\/api.w.org\/{rel}","templated":true}]}}